{"id":9358,"date":"2025-09-11T07:15:07","date_gmt":"2025-09-11T07:15:07","guid":{"rendered":"https:\/\/rocobroker.com\/social-trading-platform\/"},"modified":"2025-12-02T06:00:31","modified_gmt":"2025-12-02T06:00:31","slug":"social-trading-platform","status":"publish","type":"page","link":"https:\/\/rocobroker.com\/de\/social-trading-platform\/","title":{"rendered":"Social Trading Platform"},"content":{"rendered":"\t\t<div data-elementor-type=\"wp-page\" data-elementor-id=\"9358\" class=\"elementor elementor-9358 elementor-6672\" data-elementor-post-type=\"page\">\n\t\t\t\t<div class=\"elementor-element elementor-element-30d541f e-flex e-con-boxed e-con e-parent\" data-id=\"30d541f\" data-element_type=\"container\" data-e-type=\"container\" data-settings=\"{&quot;background_background&quot;:&quot;classic&quot;}\">\n\t\t\t\t\t<div class=\"e-con-inner\">\n\t\t<div class=\"elementor-element elementor-element-60ff51c e-con-full e-flex e-con e-child\" data-id=\"60ff51c\" data-element_type=\"container\" data-e-type=\"container\">\n\t\t\t\t<div class=\"elementor-element elementor-element-5b1c021 elementor-widget elementor-widget-heading\" data-id=\"5b1c021\" data-element_type=\"widget\" data-e-type=\"widget\" data-widget_type=\"heading.default\">\n\t\t\t\t<div class=\"elementor-widget-container\">\n\t\t\t\t\t<h2 class=\"elementor-heading-title elementor-size-default\">Roco Social Trading Plattform<\/h2>\t\t\t\t<\/div>\n\t\t\t\t<\/div>\n\t\t\t\t<div class=\"elementor-element elementor-element-3b075c0 elementor-widget elementor-widget-text-editor\" data-id=\"3b075c0\" data-element_type=\"widget\" data-e-type=\"widget\" data-widget_type=\"text-editor.default\">\n\t\t\t\t<div class=\"elementor-widget-container\">\n\t\t\t\t\t\t\t\t\t<ul><li><p>Stellen Sie sich vor, Sie h\u00e4tten das geballte Wissen der erfolgreichsten Trader der Welt direkt zur Hand. Roco Broker macht diese Vision mit seiner innovativen Social-Trading-Plattform zur Realit\u00e4t. Wir erm\u00f6glichen Ihnen die nahtlose Vernetzung mit Top-Investoren, das Lernen von deren Strategien und deren automatische Replikation. Es geht um mehr als nur das Kopieren von Trades \u2013 es geht darum, Ihr Portfolio strategisch durch die Nutzung bew\u00e4hrter Expertise zu optimieren. Werden Sie Teil einer dynamischen Community, in der Wissen geteilt wird, und machen Sie Marktkenntnisse zu Ihrem wertvollsten Instrument f\u00fcr Wachstum.<\/p><p>Starten Sie noch heute und entdecken Sie einen intelligenteren Weg zu potenziell h\u00f6heren Gewinnen.<\/p><\/li><\/ul>\t\t\t\t\t\t\t\t<\/div>\n\t\t\t\t<\/div>\n\t\t\t\t<\/div>\n\t\t<div class=\"elementor-element elementor-element-398ce8b e-con-full e-flex e-con e-child\" data-id=\"398ce8b\" data-element_type=\"container\" data-e-type=\"container\">\n\t\t\t\t<div class=\"elementor-element elementor-element-12ae422 elementor-widget elementor-widget-genix-image\" data-id=\"12ae422\" data-element_type=\"widget\" data-e-type=\"widget\" data-widget_type=\"genix-image.default\">\n\t\t\t\t<div class=\"elementor-widget-container\">\n\t\t\t\t\t\r\n        <script>\r\n            jQuery(document).ready(function($) {\r\n\r\n                AOS.init();\r\n\r\n            });\r\n        <\/script>\r\n\r\n        \r\n                            <div class=\"about__thumb about__thumb--style2\" data-aos=\"fade-left\" data-aos-duration=\"800\">\r\n                    <div class=\"about__thumb-inner mt-30 mt-lg-0\">\r\n                        <div class=\"about__thumb-image  text-center\">\r\n                            <img decoding=\"async\" src=\"https:\/\/rocobroker.com\/wp-content\/uploads\/2025\/09\/rBYDJYnIvQJT.webp\" alt=\"\">\r\n                        <\/div>\r\n                    <\/div>\r\n                <\/div>\r\n            \r\n        \r\n\t\t\t\t<\/div>\n\t\t\t\t<\/div>\n\t\t\t\t<\/div>\n\t\t\t\t\t<\/div>\n\t\t\t\t<\/div>\n\t\t<div class=\"elementor-element elementor-element-d3d12ef e-flex e-con-boxed e-con e-parent\" data-id=\"d3d12ef\" data-element_type=\"container\" data-e-type=\"container\">\n\t\t\t\t\t<div class=\"e-con-inner\">\n\t\t\t\t<div class=\"elementor-element elementor-element-f13d0f7 elementor-widget__width-inherit elementor-absolute h-100 elementor-widget elementor-widget-bg-shapes\" data-id=\"f13d0f7\" data-element_type=\"widget\" data-e-type=\"widget\" data-settings=\"{&quot;_position&quot;:&quot;absolute&quot;}\" data-widget_type=\"bg-shapes.default\">\n\t\t\t\t<div class=\"elementor-widget-container\">\n\t\t\t\t\t\r\n        \r\n            <div class=\"pricing__shape\">\r\n                <span class=\"pricing__shape-item pricing__shape-item--1\">\r\n                    <span><\/span>\r\n                <\/span>\r\n            <\/div>\r\n\r\n        \r\n\t\t\t\t<\/div>\n\t\t\t\t<\/div>\n\t\t\t\t<div class=\"elementor-element elementor-element-cc2de3d elementor-widget__width-auto elementor-absolute upAndDown_animation elementor-widget elementor-widget-image\" data-id=\"cc2de3d\" data-element_type=\"widget\" data-e-type=\"widget\" data-settings=\"{&quot;_position&quot;:&quot;absolute&quot;}\" data-widget_type=\"image.default\">\n\t\t\t\t<div class=\"elementor-widget-container\">\n\t\t\t\t\t\t\t\t\t\t\t\t\t\t\t<img decoding=\"async\" width=\"106\" height=\"106\" src=\"https:\/\/rocobroker.com\/wp-content\/uploads\/2023\/10\/shape01.png\" class=\"attachment-full size-full wp-image-9152\" alt=\"\" \/>\t\t\t\t\t\t\t\t\t\t\t\t\t\t\t<\/div>\n\t\t\t\t<\/div>\n\t\t<div class=\"elementor-element elementor-element-24ec1e3 e-flex e-con-boxed e-con e-child\" data-id=\"24ec1e3\" data-element_type=\"container\" data-e-type=\"container\" data-settings=\"{&quot;background_background&quot;:&quot;classic&quot;}\">\n\t\t\t\t\t<div class=\"e-con-inner\">\n\t\t<div class=\"elementor-element elementor-element-a7bf949 e-con-full e-flex e-con e-child\" data-id=\"a7bf949\" data-element_type=\"container\" data-e-type=\"container\">\n\t\t\t\t<div class=\"elementor-element elementor-element-643fc3c elementor-widget elementor-widget-tg-heading\" data-id=\"643fc3c\" data-element_type=\"widget\" data-e-type=\"widget\" data-widget_type=\"tg-heading.default\">\n\t\t\t\t<div class=\"elementor-widget-container\">\n\t\t\t\t\t\r\n        <div class=\"section-title\">\r\n            <h2 class=\"title\">SICHERHEIT, INTEGRIT\u00c4T, CHANCEN<\/h2>        <\/div>\r\n\r\n\t\t\t\t<\/div>\n\t\t\t\t<\/div>\n\t\t\t\t<div class=\"elementor-element elementor-element-60b1394 elementor-widget__width-initial elementor-widget elementor-widget-heading\" data-id=\"60b1394\" data-element_type=\"widget\" data-e-type=\"widget\" data-widget_type=\"heading.default\">\n\t\t\t\t<div class=\"elementor-widget-container\">\n\t\t\t\t\t<p class=\"elementor-heading-title elementor-size-default\">Die Social-Trading-Plattform von Roco Broker ist eine erstklassige Anlaufstelle f\u00fcr Trader und Investoren. Investoren k\u00f6nnen hier Top-Trader transparent kennenlernen und die vielversprechendsten, auf ihre Ziele zugeschnittenen M\u00f6glichkeiten entdecken \u2013 wobei sie nur einen Teil ihrer Gewinne mit den Tradern teilen, die ihnen zum Erfolg verholfen haben. Erfahrenen Tradern bietet die Plattform eine einzigartige Gelegenheit, ihre Strategien zu pr\u00e4sentieren und Anerkennung bei Tausenden von Investoren zu erlangen, die ihren Erfolg nachahmen m\u00f6chten.<\/p>\t\t\t\t<\/div>\n\t\t\t\t<\/div>\n\t\t\t\t<\/div>\n\t\t\t\t\t<\/div>\n\t\t\t\t<\/div>\n\t\t<div class=\"elementor-element elementor-element-66db0b8 e-con-full e-flex e-con e-child\" data-id=\"66db0b8\" data-element_type=\"container\" data-e-type=\"container\">\n\t\t\t\t<div class=\"elementor-element elementor-element-d6467eb elementor-widget__width-initial animated-slow elementor-position-inline-start elementor-view-default elementor-mobile-position-block-start elementor-invisible elementor-widget elementor-widget-icon-box\" data-id=\"d6467eb\" data-element_type=\"widget\" data-e-type=\"widget\" data-settings=\"{&quot;_animation&quot;:&quot;zoomIn&quot;}\" data-widget_type=\"icon-box.default\">\n\t\t\t\t<div class=\"elementor-widget-container\">\n\t\t\t\t\t\t\t<div class=\"elementor-icon-box-wrapper\">\n\n\t\t\t\t\t\t<div class=\"elementor-icon-box-icon\">\n\t\t\t\t<span  class=\"elementor-icon\">\n\t\t\t\t<svg aria-hidden=\"true\" class=\"e-font-icon-svg e-fas-hand-holding-medical\" viewBox=\"0 0 576 512\" xmlns=\"http:\/\/www.w3.org\/2000\/svg\"><path d=\"M159.88,175.82h64v64a16,16,0,0,0,16,16h64a16,16,0,0,0,16-16v-64h64a16,16,0,0,0,16-16v-64a16,16,0,0,0-16-16h-64v-64a16,16,0,0,0-16-16h-64a16,16,0,0,0-16,16v64h-64a16,16,0,0,0-16,16v64A16,16,0,0,0,159.88,175.82ZM568.07,336.13a39.91,39.91,0,0,0-55.93-8.47L392.47,415.84H271.86a16,16,0,0,1,0-32H350.1c16,0,30.75-10.87,33.37-26.61a32.06,32.06,0,0,0-31.62-37.38h-160a117.7,117.7,0,0,0-74.12,26.25l-46.5,37.74H15.87a16.11,16.11,0,0,0-16,16v96a16.11,16.11,0,0,0,16,16h347a104.8,104.8,0,0,0,61.7-20.27L559.6,392A40,40,0,0,0,568.07,336.13Z\"><\/path><\/svg>\t\t\t\t<\/span>\n\t\t\t<\/div>\n\t\t\t\n\t\t\t\t\t\t<div class=\"elementor-icon-box-content\">\n\n\t\t\t\t\t\t\t\t\t<h3 class=\"elementor-icon-box-title\">\n\t\t\t\t\t\t<span  >\n\t\t\t\t\t\t\tAnbieterin\t\t\t\t\t\t<\/span>\n\t\t\t\t\t<\/h3>\n\t\t\t\t\n\t\t\t\t\t\t\t\t\t<p class=\"elementor-icon-box-description\">\n\t\t\t\t\t\t<span style=\"color:#909A97\">Trader, die bereit sind, ihre Strategien zu teilen, erm\u00f6glichen es Anlegern, ihre Transaktionen nachzuahmen und schaffen so eine f\u00fcr beide Seiten gewinnbringende Erfahrung. Mit wachsender Follower-Basis steigt auch ihr Verdienstpotenzial.\t\t\t\t\t<\/p>\n\t\t\t\t\n\t\t\t<\/div>\n\t\t\t\n\t\t<\/div>\n\t\t\t\t\t\t<\/div>\n\t\t\t\t<\/div>\n\t\t\t\t<div class=\"elementor-element elementor-element-c8cc259 elementor-widget__width-initial animated-slow elementor-position-inline-end elementor-view-default elementor-mobile-position-block-start elementor-invisible elementor-widget elementor-widget-icon-box\" data-id=\"c8cc259\" data-element_type=\"widget\" data-e-type=\"widget\" data-settings=\"{&quot;_animation&quot;:&quot;zoomIn&quot;}\" data-widget_type=\"icon-box.default\">\n\t\t\t\t<div class=\"elementor-widget-container\">\n\t\t\t\t\t\t\t<div class=\"elementor-icon-box-wrapper\">\n\n\t\t\t\t\t\t<div class=\"elementor-icon-box-icon\">\n\t\t\t\t<span  class=\"elementor-icon\">\n\t\t\t\t<i aria-hidden=\"true\" class=\"fal fa-users\"><\/i>\t\t\t\t<\/span>\n\t\t\t<\/div>\n\t\t\t\n\t\t\t\t\t\t<div class=\"elementor-icon-box-content\">\n\n\t\t\t\t\t\t\t\t\t<h3 class=\"elementor-icon-box-title\">\n\t\t\t\t\t\t<span  >\n\t\t\t\t\t\t\tAnh\u00e4ngerin\t\t\t\t\t\t<\/span>\n\t\t\t\t\t<\/h3>\n\t\t\t\t\n\t\t\t\t\t\t\t\t\t<p class=\"elementor-icon-box-description\">\n\t\t\t\t\t\t<span style=\"color:#909A97\">Anleger k\u00f6nnen f\u00fchrenden H\u00e4ndlern m\u00fchelos folgen und deren Strategien nachahmen, wobei sie nur einen kleinen Teil des Gewinns an den Anbieter abgeben und gleichzeitig ihre eigenen potenziellen Gewinne maximieren.\t\t\t\t\t<\/p>\n\t\t\t\t\n\t\t\t<\/div>\n\t\t\t\n\t\t<\/div>\n\t\t\t\t\t\t<\/div>\n\t\t\t\t<\/div>\n\t\t\t\t<\/div>\n\t\t\t\t\t<\/div>\n\t\t\t\t<\/div>\n\t\t<div class=\"elementor-element elementor-element-34352a8 e-flex e-con-boxed e-con e-parent\" data-id=\"34352a8\" data-element_type=\"container\" data-e-type=\"container\">\n\t\t\t\t\t<div class=\"e-con-inner\">\n\t\t\t\t<div class=\"elementor-element elementor-element-8dbf96c elementor-widget__width-auto elementor-absolute upAndDown_animation elementor-widget elementor-widget-image\" data-id=\"8dbf96c\" data-element_type=\"widget\" data-e-type=\"widget\" data-settings=\"{&quot;_position&quot;:&quot;absolute&quot;}\" data-widget_type=\"image.default\">\n\t\t\t\t<div class=\"elementor-widget-container\">\n\t\t\t\t\t\t\t\t\t\t\t\t\t\t\t<img decoding=\"async\" width=\"106\" height=\"106\" src=\"https:\/\/rocobroker.com\/wp-content\/uploads\/2023\/10\/shape01.png\" class=\"attachment-full size-full wp-image-9152\" alt=\"\" \/>\t\t\t\t\t\t\t\t\t\t\t\t\t\t\t<\/div>\n\t\t\t\t<\/div>\n\t\t<div class=\"elementor-element elementor-element-4ebfbfe e-flex e-con-boxed e-con e-child\" data-id=\"4ebfbfe\" data-element_type=\"container\" data-e-type=\"container\">\n\t\t\t\t\t<div class=\"e-con-inner\">\n\t\t\t\t<div class=\"elementor-element elementor-element-9f0430b elementor-widget__width-initial elementor-widget elementor-widget-tg-heading\" data-id=\"9f0430b\" data-element_type=\"widget\" data-e-type=\"widget\" data-widget_type=\"tg-heading.default\">\n\t\t\t\t<div class=\"elementor-widget-container\">\n\t\t\t\t\t\r\n        <div class=\"section-title\">\r\n            <h2 class=\"title\">BEWERTUNGSMODUL<\/h2>        <\/div>\r\n\r\n\t\t\t\t<\/div>\n\t\t\t\t<\/div>\n\t\t\t\t<div class=\"elementor-element elementor-element-6efe02e elementor-widget elementor-widget-text-editor\" data-id=\"6efe02e\" data-element_type=\"widget\" data-e-type=\"widget\" data-widget_type=\"text-editor.default\">\n\t\t\t\t<div class=\"elementor-widget-container\">\n\t\t\t\t\t\t\t\t\t<p>Wir haben die Auswahl des passenden Traders vereinfacht, indem wir ihn anhand strenger Kriterien gefiltert haben!<\/p><p>(Bitte melden Sie sich an, um das vollst\u00e4ndige Bewertungsmodul zu nutzen. Die aktuelle Ansicht dient nur der Vorschau.)<\/p>\t\t\t\t\t\t\t\t<\/div>\n\t\t\t\t<\/div>\n\t\t\t\t\t<\/div>\n\t\t\t\t<\/div>\n\t\t<div class=\"elementor-element elementor-element-b9140f5 e-con-full e-flex e-con e-child\" data-id=\"b9140f5\" data-element_type=\"container\" data-e-type=\"container\">\n\t\t\t\t<div class=\"elementor-element elementor-element-27843e8 elementor-widget elementor-widget-image\" data-id=\"27843e8\" data-element_type=\"widget\" data-e-type=\"widget\" data-widget_type=\"image.default\">\n\t\t\t\t<div class=\"elementor-widget-container\">\n\t\t\t\t\t\t\t\t\t\t\t\t\t\t\t<img fetchpriority=\"high\" decoding=\"async\" width=\"1360\" height=\"576\" src=\"https:\/\/rocobroker.com\/wp-content\/uploads\/2025\/09\/IMG_20250911_165549_772.webp\" class=\"attachment-full size-full wp-image-9361\" alt=\"\" srcset=\"https:\/\/rocobroker.com\/wp-content\/uploads\/2025\/09\/IMG_20250911_165549_772.webp 1360w, https:\/\/rocobroker.com\/wp-content\/uploads\/2025\/09\/IMG_20250911_165549_772-300x127.webp 300w, https:\/\/rocobroker.com\/wp-content\/uploads\/2025\/09\/IMG_20250911_165549_772-1024x434.webp 1024w, https:\/\/rocobroker.com\/wp-content\/uploads\/2025\/09\/IMG_20250911_165549_772-768x325.webp 768w\" sizes=\"(max-width: 1360px) 100vw, 1360px\" \/>\t\t\t\t\t\t\t\t\t\t\t\t\t\t\t<\/div>\n\t\t\t\t<\/div>\n\t\t\t\t<\/div>\n\t\t\t\t\t<\/div>\n\t\t\t\t<\/div>\n\t\t<div class=\"elementor-element elementor-element-748e165 e-flex e-con-boxed e-con e-parent\" data-id=\"748e165\" data-element_type=\"container\" data-e-type=\"container\" data-settings=\"{&quot;background_background&quot;:&quot;classic&quot;}\">\n\t\t\t\t\t<div class=\"e-con-inner\">\n\t\t\t\t<div class=\"elementor-element elementor-element-fcc9fad elementor-widget__width-auto elementor-absolute left_to_right_move elementor-widget elementor-widget-image\" data-id=\"fcc9fad\" data-element_type=\"widget\" data-e-type=\"widget\" data-settings=\"{&quot;_position&quot;:&quot;absolute&quot;}\" data-widget_type=\"image.default\">\n\t\t\t\t<div class=\"elementor-widget-container\">\n\t\t\t\t\t\t\t\t\t\t\t\t\t\t\t<img decoding=\"async\" width=\"150\" height=\"75\" src=\"https:\/\/rocobroker.com\/wp-content\/uploads\/2023\/10\/pricing_wave.png\" class=\"attachment-full size-full wp-image-9224\" alt=\"\" \/>\t\t\t\t\t\t\t\t\t\t\t\t\t\t\t<\/div>\n\t\t\t\t<\/div>\n\t\t\t\t<div class=\"elementor-element elementor-element-4254d59 elementor-widget__width-auto elementor-absolute upAndDown_animation elementor-widget elementor-widget-image\" data-id=\"4254d59\" data-element_type=\"widget\" data-e-type=\"widget\" data-settings=\"{&quot;_position&quot;:&quot;absolute&quot;}\" data-widget_type=\"image.default\">\n\t\t\t\t<div class=\"elementor-widget-container\">\n\t\t\t\t\t\t\t\t\t\t\t\t\t\t\t<img decoding=\"async\" width=\"106\" height=\"106\" src=\"https:\/\/rocobroker.com\/wp-content\/uploads\/2023\/10\/shape01.png\" class=\"attachment-full size-full wp-image-9152\" alt=\"\" \/>\t\t\t\t\t\t\t\t\t\t\t\t\t\t\t<\/div>\n\t\t\t\t<\/div>\n\t\t<div class=\"elementor-element elementor-element-cc4236e e-flex e-con-boxed e-con e-child\" data-id=\"cc4236e\" data-element_type=\"container\" data-e-type=\"container\">\n\t\t\t\t\t<div class=\"e-con-inner\">\n\t\t\t\t<div class=\"elementor-element elementor-element-04100b1 elementor-widget elementor-widget-tg-heading\" data-id=\"04100b1\" data-element_type=\"widget\" data-e-type=\"widget\" data-widget_type=\"tg-heading.default\">\n\t\t\t\t<div class=\"elementor-widget-container\">\n\t\t\t\t\t\r\n        <div class=\"section-title\">\r\n            <h2 class=\"title\"><span>Arten von Social-Trade-Konten\n\n\n<\/span><\/h2>        <\/div>\r\n\r\n\t\t\t\t<\/div>\n\t\t\t\t<\/div>\n\t\t\t\t<div class=\"elementor-element elementor-element-033025c elementor-widget elementor-widget-text-editor\" data-id=\"033025c\" data-element_type=\"widget\" data-e-type=\"widget\" data-widget_type=\"text-editor.default\">\n\t\t\t\t<div class=\"elementor-widget-container\">\n\t\t\t\t\t\t\t\t\t<p>Tauchen Sie ein in die Welt des Social Trading und er\u00f6ffnen Sie Ihr eigenes Konto. Vernetzen Sie sich mit Top-Tradern, folgen Sie ihnen und kopieren Sie ihre Strategien \u2013 f\u00fcr intelligenteres und selbstbewussteres Investieren. Alles auf unserer erstklassigen Social-Trading-Plattform!<\/p>\t\t\t\t\t\t\t\t<\/div>\n\t\t\t\t<\/div>\n\t\t\t\t\t<\/div>\n\t\t\t\t<\/div>\n\t\t\t\t\t<\/div>\n\t\t\t\t<\/div>\n\t\t\t\t<\/div>\n\t\t","protected":false},"excerpt":{"rendered":"<p>Roco Social Trading Plattform Stellen Sie sich vor, Sie h\u00e4tten das geballte Wissen der erfolgreichsten Trader der Welt direkt zur Hand. Roco Broker macht diese Vision mit seiner innovativen Social-Trading-Plattform zur Realit\u00e4t. Wir erm\u00f6glichen Ihnen die nahtlose Vernetzung mit Top-Investoren, das Lernen von deren Strategien und deren automatische Replikation. Es geht um mehr als nur [&hellip;]<\/p>\n","protected":false},"author":1,"featured_media":0,"parent":0,"menu_order":0,"comment_status":"closed","ping_status":"closed","template":"elementor_header_footer","meta":{"_acf_changed":false,"footnotes":""},"class_list":["post-9358","page","type-page","status-publish","hentry"],"acf":[],"_links":{"self":[{"href":"https:\/\/rocobroker.com\/de\/wp-json\/wp\/v2\/pages\/9358","targetHints":{"allow":["GET"]}}],"collection":[{"href":"https:\/\/rocobroker.com\/de\/wp-json\/wp\/v2\/pages"}],"about":[{"href":"https:\/\/rocobroker.com\/de\/wp-json\/wp\/v2\/types\/page"}],"author":[{"embeddable":true,"href":"https:\/\/rocobroker.com\/de\/wp-json\/wp\/v2\/users\/1"}],"replies":[{"embeddable":true,"href":"https:\/\/rocobroker.com\/de\/wp-json\/wp\/v2\/comments?post=9358"}],"version-history":[{"count":4,"href":"https:\/\/rocobroker.com\/de\/wp-json\/wp\/v2\/pages\/9358\/revisions"}],"predecessor-version":[{"id":9427,"href":"https:\/\/rocobroker.com\/de\/wp-json\/wp\/v2\/pages\/9358\/revisions\/9427"}],"wp:attachment":[{"href":"https:\/\/rocobroker.com\/de\/wp-json\/wp\/v2\/media?parent=9358"}],"curies":[{"name":"wp","href":"https:\/\/api.w.org\/{rel}","templated":true}]}}