{"id":9301,"date":"2025-03-31T14:00:31","date_gmt":"2025-03-31T14:00:31","guid":{"rendered":"https:\/\/rocobroker.com\/partnerschaft\/"},"modified":"2025-12-03T10:38:18","modified_gmt":"2025-12-03T10:38:18","slug":"partnerschaft","status":"publish","type":"page","link":"https:\/\/rocobroker.com\/de\/partnerschaft\/","title":{"rendered":"Partnerschaft"},"content":{"rendered":"\t\t<div data-elementor-type=\"wp-page\" data-elementor-id=\"9301\" class=\"elementor elementor-9301 elementor-3406\" data-elementor-post-type=\"page\">\n\t\t\t\t<div class=\"elementor-element elementor-element-a9e9ee8 e-flex e-con-boxed e-con e-parent\" data-id=\"a9e9ee8\" data-element_type=\"container\" data-e-type=\"container\">\n\t\t\t\t\t<div class=\"e-con-inner\">\n\t\t<div class=\"elementor-element elementor-element-4e97355 e-con-full e-flex e-con e-child\" data-id=\"4e97355\" data-element_type=\"container\" data-e-type=\"container\">\n\t\t\t\t<div class=\"elementor-element elementor-element-07d96dc elementor-widget elementor-widget-heading\" data-id=\"07d96dc\" data-element_type=\"widget\" data-e-type=\"widget\" data-widget_type=\"heading.default\">\n\t\t\t\t<div class=\"elementor-widget-container\">\n\t\t\t\t\t<h2 class=\"elementor-heading-title elementor-size-default\"><span style=\"color: #00d094\">Partnerschaft\n\n<\/span>\n<\/h2>\t\t\t\t<\/div>\n\t\t\t\t<\/div>\n\t\t\t\t<div class=\"elementor-element elementor-element-46473b5 elementor-widget elementor-widget-heading\" data-id=\"46473b5\" data-element_type=\"widget\" data-e-type=\"widget\" data-widget_type=\"heading.default\">\n\t\t\t\t<div class=\"elementor-widget-container\">\n\t\t\t\t\t<p class=\"elementor-heading-title elementor-size-default\">Werden Sie mit unseren IB-Pl\u00e4nen zum ROCO-Botschafter weltweit!\n\n<\/p>\t\t\t\t<\/div>\n\t\t\t\t<\/div>\n\t\t\t\t<\/div>\n\t\t<div class=\"elementor-element elementor-element-0d623ae e-con-full e-flex e-con e-child\" data-id=\"0d623ae\" data-element_type=\"container\" data-e-type=\"container\">\n\t\t\t\t<div class=\"elementor-element elementor-element-c8292a5 elementor-widget elementor-widget-html\" data-id=\"c8292a5\" data-element_type=\"widget\" data-e-type=\"widget\" data-widget_type=\"html.default\">\n\t\t\t\t<div class=\"elementor-widget-container\">\n\t\t\t\t\t<video autoplay=\"autoplay\" loop=\"loop\" muted=\"\" width=\"1024\" height=\"600\"><span data-mce-type=\"bookmark\" style=\"display: inline-block; width: 0px; overflow: hidden; line-height: 0;\" class=\"mce_SELRES_start\"><\/span>\r\n<source src=\"https:\/\/rocobroker.com\/wp-content\/uploads\/2025\/04\/Ib-EN-1-1.mp4\" type=\"video\/mp4\"><\/source>\r\n\u0645\u0631\u0648\u0631\u06af\u0631 \u0634\u0645\u0627 \u0627\u0632 \u0648\u06cc\u062f\u06cc\u0648 \u067e\u0634\u062a\u06cc\u0628\u0627\u0646\u06cc \u0646\u0645\u06cc\u06a9\u0646\u062f.\r\n<\/video>\t\t\t\t<\/div>\n\t\t\t\t<\/div>\n\t\t\t\t<\/div>\n\t\t\t\t\t<\/div>\n\t\t\t\t<\/div>\n\t\t<div class=\"elementor-element elementor-element-6e1e982 e-con-full e-flex e-con e-parent\" data-id=\"6e1e982\" data-element_type=\"container\" data-e-type=\"container\">\n\t\t\t\t<div class=\"elementor-element elementor-element-4345485 elementor-widget elementor-widget-genix-aboutsection\" data-id=\"4345485\" data-element_type=\"widget\" data-e-type=\"widget\" data-widget_type=\"genix-aboutsection.default\">\n\t\t\t\t<div class=\"elementor-widget-container\">\n\t\t\t\t\t\r\n        <script>\r\n            jQuery(document).ready(function($) {\r\n\r\n                AOS.init();\r\n\r\n            });\r\n        <\/script>\r\n\r\n      \r\n    <section class=\"about about--style3 padding-bottom \">\r\n        <div class=\"container\">\r\n          <div class=\"about__wrapper\">\r\n            <div class=\"row g-4 align-items-center\">\r\n              <div class=\"col-md-6\">\r\n                <div class=\"about__thumb about__thumb--style4\" data-aos=\"fade-right\" data-aos-duration=\"800\">\r\n                  <div class=\"about__thumb-inner\">\r\n                    <div class=\"about__thumb-image text-center floating-content\">\r\n                                                <img decoding=\"async\" class=\"dark\" src=\"https:\/\/rocobroker.com\/wp-content\/uploads\/2023\/10\/about_img_dark02-1.png\" alt=\"roco\">\r\n                                            <div class=\"floating-content__bottom-left floating-content__bottom-left--style3\" data-aos=\"fade-right\" data-aos-duration=\"1000\">\r\n                        <div class=\"floating-content__item floating-content__item--style4\">\r\n                                                                                <\/div>\r\n                      <\/div>\r\n                    <\/div>\r\n                  <\/div>\r\n                <\/div>\r\n              <\/div>\r\n              <div class=\"col-md-6\">\r\n                <div class=\"about__content\" data-aos=\"fade-left\" data-aos-duration=\"800\">\r\n                                  <h2><span style=\"color:white\">Eine Win-win\n\n <span style=\"color:#00d094\">  Partnerschaft !<\/span>\n\n<\/h2>\r\n                                                  <p class=\"mb-0\">Wenn Sie \u00fcber ein Netzwerk von H\u00e4ndlern verf\u00fcgen oder Interesse daran haben, Menschen mit erstklassigen Finanzdienstleistungen zu verbinden, ist die T\u00e4tigkeit als IB bei ROCO eine hervorragende M\u00f6glichkeit, Ihr Einkommen zu steigern und ein flexibles, unabh\u00e4ngiges Gesch\u00e4ft aufzubauen. <\/p>\r\n                \r\n\r\n                                \r\n                <\/div>\r\n              <\/div>\r\n            <\/div>\r\n          <\/div>\r\n        <\/div>\r\n    <\/section>\r\n\r\n\r\n    \r\n\t\t\t\t<\/div>\n\t\t\t\t<\/div>\n\t\t\t\t<\/div>\n\t\t<div class=\"elementor-element elementor-element-a4729a1 bg-color-7 e-flex e-con-boxed e-con e-parent\" data-id=\"a4729a1\" data-element_type=\"container\" data-e-type=\"container\" data-settings=\"{&quot;background_background&quot;:&quot;classic&quot;}\">\n\t\t\t\t\t<div class=\"e-con-inner\">\n\t\t<div class=\"elementor-element elementor-element-4f7f64a e-flex e-con-boxed e-con e-child\" data-id=\"4f7f64a\" data-element_type=\"container\" data-e-type=\"container\">\n\t\t\t\t\t<div class=\"e-con-inner\">\n\t\t\t\t<div class=\"elementor-element elementor-element-34acfc2 elementor-widget elementor-widget-tg-heading\" data-id=\"34acfc2\" data-element_type=\"widget\" data-e-type=\"widget\" data-widget_type=\"tg-heading.default\">\n\t\t\t\t<div class=\"elementor-widget-container\">\n\t\t\t\t\t\r\n        <div class=\"section-title\">\r\n            <h2 class=\"title\"><span style=\"color:white\">Advantages of Becoming<span style=\"color: #00d094\"> ROCO's Ambassador!\n\n\n<\/span><\/h2>        <\/div>\r\n\r\n\t\t\t\t<\/div>\n\t\t\t\t<\/div>\n\t\t\t\t\t<\/div>\n\t\t\t\t<\/div>\n\t\t<div class=\"elementor-element elementor-element-eba0216 e-con-full e-flex e-con e-child\" data-id=\"eba0216\" data-element_type=\"container\" data-e-type=\"container\">\n\t\t\t\t<div class=\"elementor-element elementor-element-edd7542 elementor-widget__width-initial animated-slow elementor-view-default elementor-position-block-start elementor-mobile-position-block-start elementor-invisible elementor-widget elementor-widget-icon-box\" data-id=\"edd7542\" data-element_type=\"widget\" data-e-type=\"widget\" data-settings=\"{&quot;_animation&quot;:&quot;zoomIn&quot;}\" data-widget_type=\"icon-box.default\">\n\t\t\t\t<div class=\"elementor-widget-container\">\n\t\t\t\t\t\t\t<div class=\"elementor-icon-box-wrapper\">\n\n\t\t\t\t\t\t<div class=\"elementor-icon-box-icon\">\n\t\t\t\t<span  class=\"elementor-icon\">\n\t\t\t\t<svg aria-hidden=\"true\" class=\"e-font-icon-svg e-far-chart-bar\" viewBox=\"0 0 512 512\" xmlns=\"http:\/\/www.w3.org\/2000\/svg\"><path d=\"M396.8 352h22.4c6.4 0 12.8-6.4 12.8-12.8V108.8c0-6.4-6.4-12.8-12.8-12.8h-22.4c-6.4 0-12.8 6.4-12.8 12.8v230.4c0 6.4 6.4 12.8 12.8 12.8zm-192 0h22.4c6.4 0 12.8-6.4 12.8-12.8V140.8c0-6.4-6.4-12.8-12.8-12.8h-22.4c-6.4 0-12.8 6.4-12.8 12.8v198.4c0 6.4 6.4 12.8 12.8 12.8zm96 0h22.4c6.4 0 12.8-6.4 12.8-12.8V204.8c0-6.4-6.4-12.8-12.8-12.8h-22.4c-6.4 0-12.8 6.4-12.8 12.8v134.4c0 6.4 6.4 12.8 12.8 12.8zM496 400H48V80c0-8.84-7.16-16-16-16H16C7.16 64 0 71.16 0 80v336c0 17.67 14.33 32 32 32h464c8.84 0 16-7.16 16-16v-16c0-8.84-7.16-16-16-16zm-387.2-48h22.4c6.4 0 12.8-6.4 12.8-12.8v-70.4c0-6.4-6.4-12.8-12.8-12.8h-22.4c-6.4 0-12.8 6.4-12.8 12.8v70.4c0 6.4 6.4 12.8 12.8 12.8z\"><\/path><\/svg>\t\t\t\t<\/span>\n\t\t\t<\/div>\n\t\t\t\n\t\t\t\t\t\t<div class=\"elementor-icon-box-content\">\n\n\t\t\t\t\t\t\t\t\t<h3 class=\"elementor-icon-box-title\">\n\t\t\t\t\t\t<span  >\n\t\t\t\t\t\t\tWettbewerbsf\u00e4hige<br>Provisionen\t\t\t\t\t\t<\/span>\n\t\t\t\t\t<\/h3>\n\t\t\t\t\n\t\t\t\t\n\t\t\t<\/div>\n\t\t\t\n\t\t<\/div>\n\t\t\t\t\t\t<\/div>\n\t\t\t\t<\/div>\n\t\t\t\t<div class=\"elementor-element elementor-element-b640044 elementor-widget__width-initial animated-slow elementor-view-default elementor-position-block-start elementor-mobile-position-block-start elementor-invisible elementor-widget elementor-widget-icon-box\" data-id=\"b640044\" data-element_type=\"widget\" data-e-type=\"widget\" data-settings=\"{&quot;_animation&quot;:&quot;zoomIn&quot;,&quot;_animation_delay&quot;:10}\" data-widget_type=\"icon-box.default\">\n\t\t\t\t<div class=\"elementor-widget-container\">\n\t\t\t\t\t\t\t<div class=\"elementor-icon-box-wrapper\">\n\n\t\t\t\t\t\t<div class=\"elementor-icon-box-icon\">\n\t\t\t\t<span  class=\"elementor-icon\">\n\t\t\t\t<svg aria-hidden=\"true\" class=\"e-font-icon-svg e-fas-coins\" viewBox=\"0 0 512 512\" xmlns=\"http:\/\/www.w3.org\/2000\/svg\"><path d=\"M0 405.3V448c0 35.3 86 64 192 64s192-28.7 192-64v-42.7C342.7 434.4 267.2 448 192 448S41.3 434.4 0 405.3zM320 128c106 0 192-28.7 192-64S426 0 320 0 128 28.7 128 64s86 64 192 64zM0 300.4V352c0 35.3 86 64 192 64s192-28.7 192-64v-51.6c-41.3 34-116.9 51.6-192 51.6S41.3 334.4 0 300.4zm416 11c57.3-11.1 96-31.7 96-55.4v-42.7c-23.2 16.4-57.3 27.6-96 34.5v63.6zM192 160C86 160 0 195.8 0 240s86 80 192 80 192-35.8 192-80-86-80-192-80zm219.3 56.3c60-10.8 100.7-32 100.7-56.3v-42.7c-35.5 25.1-96.5 38.6-160.7 41.8 29.5 14.3 51.2 33.5 60 57.2z\"><\/path><\/svg>\t\t\t\t<\/span>\n\t\t\t<\/div>\n\t\t\t\n\t\t\t\t\t\t<div class=\"elementor-icon-box-content\">\n\n\t\t\t\t\t\t\t\t\t<h3 class=\"elementor-icon-box-title\">\n\t\t\t\t\t\t<span  >\n\t\t\t\t\t\t\tZuverl\u00e4ssiger und vertrauensw\u00fcrdiger Makler\t\t\t\t\t\t<\/span>\n\t\t\t\t\t<\/h3>\n\t\t\t\t\n\t\t\t\t\n\t\t\t<\/div>\n\t\t\t\n\t\t<\/div>\n\t\t\t\t\t\t<\/div>\n\t\t\t\t<\/div>\n\t\t\t\t<div class=\"elementor-element elementor-element-2408b39 elementor-widget__width-initial animated-slow elementor-view-default elementor-position-block-start elementor-mobile-position-block-start elementor-invisible elementor-widget elementor-widget-icon-box\" data-id=\"2408b39\" data-element_type=\"widget\" data-e-type=\"widget\" data-settings=\"{&quot;_animation&quot;:&quot;zoomIn&quot;,&quot;_animation_delay&quot;:20}\" data-widget_type=\"icon-box.default\">\n\t\t\t\t<div class=\"elementor-widget-container\">\n\t\t\t\t\t\t\t<div class=\"elementor-icon-box-wrapper\">\n\n\t\t\t\t\t\t<div class=\"elementor-icon-box-icon\">\n\t\t\t\t<span  class=\"elementor-icon\">\n\t\t\t\t<i aria-hidden=\"true\" class=\"genix flaticon-support\"><\/i>\t\t\t\t<\/span>\n\t\t\t<\/div>\n\t\t\t\n\t\t\t\t\t\t<div class=\"elementor-icon-box-content\">\n\n\t\t\t\t\t\t\t\t\t<h3 class=\"elementor-icon-box-title\">\n\t\t\t\t\t\t<span  >\n\t\t\t\t\t\t\tUmfassende Unterst\u00fctzung <br>\t\t\t\t\t\t<\/span>\n\t\t\t\t\t<\/h3>\n\t\t\t\t\n\t\t\t\t\n\t\t\t<\/div>\n\t\t\t\n\t\t<\/div>\n\t\t\t\t\t\t<\/div>\n\t\t\t\t<\/div>\n\t\t\t\t<\/div>\n\t\t\t\t<div class=\"elementor-element elementor-element-ee849db elementor-widget__width-auto elementor-absolute upAndDown_animation elementor-widget elementor-widget-image\" data-id=\"ee849db\" data-element_type=\"widget\" data-e-type=\"widget\" data-settings=\"{&quot;_position&quot;:&quot;absolute&quot;}\" data-widget_type=\"image.default\">\n\t\t\t\t<div class=\"elementor-widget-container\">\n\t\t\t\t\t\t\t\t\t\t\t\t\t\t\t<img decoding=\"async\" width=\"106\" height=\"106\" src=\"https:\/\/rocobroker.com\/wp-content\/uploads\/2023\/10\/shape01.png\" class=\"attachment-full size-full wp-image-9152\" alt=\"\" \/>\t\t\t\t\t\t\t\t\t\t\t\t\t\t\t<\/div>\n\t\t\t\t<\/div>\n\t\t\t\t<div class=\"elementor-element elementor-element-f536da1 elementor-widget__width-auto elementor-absolute bit_rotate_animation elementor-widget elementor-widget-image\" data-id=\"f536da1\" data-element_type=\"widget\" data-e-type=\"widget\" data-settings=\"{&quot;_position&quot;:&quot;absolute&quot;}\" data-widget_type=\"image.default\">\n\t\t\t\t<div class=\"elementor-widget-container\">\n\t\t\t\t\t\t\t\t\t\t\t\t\t\t\t<img decoding=\"async\" width=\"65\" height=\"65\" src=\"https:\/\/rocobroker.com\/wp-content\/uploads\/2023\/10\/cta_shape1.png\" class=\"attachment-full size-full wp-image-9159\" alt=\"\" \/>\t\t\t\t\t\t\t\t\t\t\t\t\t\t\t<\/div>\n\t\t\t\t<\/div>\n\t\t\t\t\t<\/div>\n\t\t\t\t<\/div>\n\t\t<div class=\"elementor-element elementor-element-bdf6323 e-con-full e-flex e-con e-parent\" data-id=\"bdf6323\" data-element_type=\"container\" data-e-type=\"container\" data-settings=\"{&quot;background_background&quot;:&quot;classic&quot;}\">\n\t\t<div class=\"elementor-element elementor-element-323dc6f e-flex e-con-boxed e-con e-child\" data-id=\"323dc6f\" data-element_type=\"container\" data-e-type=\"container\" data-settings=\"{&quot;background_background&quot;:&quot;classic&quot;}\">\n\t\t\t\t\t<div class=\"e-con-inner\">\n\t\t<div class=\"elementor-element elementor-element-8e49e00 e-con-full e-flex e-con e-child\" data-id=\"8e49e00\" data-element_type=\"container\" data-e-type=\"container\" data-settings=\"{&quot;background_background&quot;:&quot;gradient&quot;}\">\n\t\t<div class=\"elementor-element elementor-element-21d6f93 e-con-full e-flex e-con e-child\" data-id=\"21d6f93\" data-element_type=\"container\" data-e-type=\"container\">\n\t\t\t\t<div class=\"elementor-element elementor-element-cc767cc elementor-widget elementor-widget-image\" data-id=\"cc767cc\" data-element_type=\"widget\" data-e-type=\"widget\" data-widget_type=\"image.default\">\n\t\t\t\t<div class=\"elementor-widget-container\">\n\t\t\t\t\t\t\t\t\t\t\t\t\t\t\t<img fetchpriority=\"high\" decoding=\"async\" width=\"244\" height=\"235\" src=\"https:\/\/rocobroker.com\/wp-content\/uploads\/2023\/10\/cta.png\" class=\"attachment-full size-full wp-image-9157\" alt=\"\" \/>\t\t\t\t\t\t\t\t\t\t\t\t\t\t\t<\/div>\n\t\t\t\t<\/div>\n\t\t\t\t<\/div>\n\t\t<div class=\"elementor-element elementor-element-a0da089 e-flex e-con-boxed e-con e-child\" data-id=\"a0da089\" data-element_type=\"container\" data-e-type=\"container\">\n\t\t\t\t\t<div class=\"e-con-inner\">\n\t\t\t\t<div class=\"elementor-element elementor-element-4c38c24 elementor-widget elementor-widget-tg-heading\" data-id=\"4c38c24\" data-element_type=\"widget\" data-e-type=\"widget\" data-widget_type=\"tg-heading.default\">\n\t\t\t\t<div class=\"elementor-widget-container\">\n\t\t\t\t\t\r\n        <div class=\"section-title\">\r\n            <h2 class=\"title\">Steigern Sie Ihr Einkommen, entdecken Sie unsere<span style=\"color:#007D57\"> IB plan<\/span> Jetzt ! \n<\/h2>        <\/div>\r\n\r\n\t\t\t\t<\/div>\n\t\t\t\t<\/div>\n\t\t\t\t<div class=\"elementor-element elementor-element-562af17 elementor-widget elementor-widget-tg-btn\" data-id=\"562af17\" data-element_type=\"widget\" data-e-type=\"widget\" data-widget_type=\"tg-btn.default\">\n\t\t\t\t<div class=\"elementor-widget-container\">\n\t\t\t\t\t\r\n        \r\n                            <div class=\"myclass1\">     \r\n                    <a href=\"\/de\/kontaktieren-sie-uns\/\" target=\"_blank\" rel=\"nofollow\" class=\"trk-btn trk-btn--border trk-btn--primary\">\r\n                        Schlie\u00dfen Sie sich uns als IB an                    <\/a>\r\n                <\/div>\r\n            \r\n        \r\n\t\t\t\t<\/div>\n\t\t\t\t<\/div>\n\t\t\t\t\t<\/div>\n\t\t\t\t<\/div>\n\t\t\t\t<\/div>\n\t\t\t\t<div class=\"elementor-element elementor-element-cbd9e7a elementor-widget__width-auto elementor-absolute bit_rotate_animation elementor-widget elementor-widget-image\" data-id=\"cbd9e7a\" data-element_type=\"widget\" data-e-type=\"widget\" data-settings=\"{&quot;_position&quot;:&quot;absolute&quot;}\" data-widget_type=\"image.default\">\n\t\t\t\t<div class=\"elementor-widget-container\">\n\t\t\t\t\t\t\t\t\t\t\t\t\t\t\t<img decoding=\"async\" width=\"65\" height=\"65\" src=\"https:\/\/rocobroker.com\/wp-content\/uploads\/2023\/10\/cta_shape1.png\" class=\"attachment-full size-full wp-image-9159\" alt=\"\" \/>\t\t\t\t\t\t\t\t\t\t\t\t\t\t\t<\/div>\n\t\t\t\t<\/div>\n\t\t\t\t<div class=\"elementor-element elementor-element-611cb7f elementor-widget__width-auto elementor-absolute upAndDown_animation elementor-widget elementor-widget-image\" data-id=\"611cb7f\" data-element_type=\"widget\" data-e-type=\"widget\" data-settings=\"{&quot;_position&quot;:&quot;absolute&quot;}\" data-widget_type=\"image.default\">\n\t\t\t\t<div class=\"elementor-widget-container\">\n\t\t\t\t\t\t\t\t\t\t\t\t\t\t\t<img decoding=\"async\" width=\"106\" height=\"106\" src=\"https:\/\/rocobroker.com\/wp-content\/uploads\/2023\/10\/shape01.png\" class=\"attachment-full size-full wp-image-9152\" alt=\"\" \/>\t\t\t\t\t\t\t\t\t\t\t\t\t\t\t<\/div>\n\t\t\t\t<\/div>\n\t\t\t\t\t<\/div>\n\t\t\t\t<\/div>\n\t\t\t\t<\/div>\n\t\t\t\t<\/div>\n\t\t","protected":false},"excerpt":{"rendered":"<p>Partnerschaft Werden Sie mit unseren IB-Pl\u00e4nen zum ROCO-Botschafter weltweit! \u0645\u0631\u0648\u0631\u06af\u0631 \u0634\u0645\u0627 \u0627\u0632 \u0648\u06cc\u062f\u06cc\u0648 \u067e\u0634\u062a\u06cc\u0628\u0627\u0646\u06cc \u0646\u0645\u06cc\u06a9\u0646\u062f. Eine Win-win Partnerschaft ! Wenn Sie \u00fcber ein Netzwerk von H\u00e4ndlern verf\u00fcgen oder Interesse daran haben, Menschen mit erstklassigen Finanzdienstleistungen zu verbinden, ist die T\u00e4tigkeit als IB bei ROCO eine hervorragende M\u00f6glichkeit, Ihr Einkommen zu steigern und ein flexibles, unabh\u00e4ngiges [&hellip;]<\/p>\n","protected":false},"author":1,"featured_media":0,"parent":0,"menu_order":0,"comment_status":"closed","ping_status":"closed","template":"elementor_header_footer","meta":{"_acf_changed":false,"footnotes":""},"class_list":["post-9301","page","type-page","status-publish","hentry"],"acf":[],"_links":{"self":[{"href":"https:\/\/rocobroker.com\/de\/wp-json\/wp\/v2\/pages\/9301","targetHints":{"allow":["GET"]}}],"collection":[{"href":"https:\/\/rocobroker.com\/de\/wp-json\/wp\/v2\/pages"}],"about":[{"href":"https:\/\/rocobroker.com\/de\/wp-json\/wp\/v2\/types\/page"}],"author":[{"embeddable":true,"href":"https:\/\/rocobroker.com\/de\/wp-json\/wp\/v2\/users\/1"}],"replies":[{"embeddable":true,"href":"https:\/\/rocobroker.com\/de\/wp-json\/wp\/v2\/comments?post=9301"}],"version-history":[{"count":11,"href":"https:\/\/rocobroker.com\/de\/wp-json\/wp\/v2\/pages\/9301\/revisions"}],"predecessor-version":[{"id":9834,"href":"https:\/\/rocobroker.com\/de\/wp-json\/wp\/v2\/pages\/9301\/revisions\/9834"}],"wp:attachment":[{"href":"https:\/\/rocobroker.com\/de\/wp-json\/wp\/v2\/media?parent=9301"}],"curies":[{"name":"wp","href":"https:\/\/api.w.org\/{rel}","templated":true}]}}