{"id":9131,"date":"2025-03-26T20:03:31","date_gmt":"2025-03-26T20:03:31","guid":{"rendered":"https:\/\/rocobroker.com\/wirtschaftskalender\/"},"modified":"2025-12-01T05:30:00","modified_gmt":"2025-12-01T05:30:00","slug":"wirtschaftskalender","status":"publish","type":"page","link":"https:\/\/rocobroker.com\/de\/wirtschaftskalender\/","title":{"rendered":"Wirtschaftskalender"},"content":{"rendered":"\t\t<div data-elementor-type=\"wp-page\" data-elementor-id=\"9131\" class=\"elementor elementor-9131 elementor-3254\" data-elementor-post-type=\"page\">\n\t\t\t\t<div class=\"elementor-element elementor-element-a9e9ee8 e-flex e-con-boxed e-con e-parent\" data-id=\"a9e9ee8\" data-element_type=\"container\" data-e-type=\"container\">\n\t\t\t\t\t<div class=\"e-con-inner\">\n\t\t<div class=\"elementor-element elementor-element-4e97355 e-con-full e-flex e-con e-child\" data-id=\"4e97355\" data-element_type=\"container\" data-e-type=\"container\">\n\t\t\t\t<div class=\"elementor-element elementor-element-07d96dc elementor-widget elementor-widget-heading\" data-id=\"07d96dc\" data-element_type=\"widget\" data-e-type=\"widget\" data-widget_type=\"heading.default\">\n\t\t\t\t<div class=\"elementor-widget-container\">\n\t\t\t\t\t<h2 class=\"elementor-heading-title elementor-size-default\">Wirtschaftskalender\n<\/h2>\t\t\t\t<\/div>\n\t\t\t\t<\/div>\n\t\t\t\t<div class=\"elementor-element elementor-element-d4a8761 elementor-widget__width-initial elementor-widget elementor-widget-heading\" data-id=\"d4a8761\" data-element_type=\"widget\" data-e-type=\"widget\" data-widget_type=\"heading.default\">\n\t\t\t\t<div class=\"elementor-widget-container\">\n\t\t\t\t\t<p class=\"elementor-heading-title elementor-size-default\">Maximieren Sie Ihr Handelspotenzial  \n<\/p>\t\t\t\t<\/div>\n\t\t\t\t<\/div>\n\t\t\t\t<div class=\"elementor-element elementor-element-34ffd01 elementor-widget__width-initial elementor-widget elementor-widget-heading\" data-id=\"34ffd01\" data-element_type=\"widget\" data-e-type=\"widget\" data-widget_type=\"heading.default\">\n\t\t\t\t<div class=\"elementor-widget-container\">\n\t\t\t\t\t<p class=\"elementor-heading-title elementor-size-default\">Lassen Sie sich nicht vom Markt \u00fcberrumpeln. Machen Sie den Wirtschaftskalender zu einem regelm\u00e4\u00dfigen Bestandteil Ihrer Handelsroutine und beginnen Sie, Ihre Trades mit Zuversicht zu planen. Wenn Sie wichtige Ereignisse vorhersehen und ihre potenziellen Auswirkungen verstehen, sind Sie besser darauf vorbereitet, Marktchancen zu nutzen und gleichzeitig Risiken effektiv zu managen.\n\n<\/p>\t\t\t\t<\/div>\n\t\t\t\t<\/div>\n\t\t\t\t<\/div>\n\t\t<div class=\"elementor-element elementor-element-0d623ae e-con-full e-flex e-con e-child\" data-id=\"0d623ae\" data-element_type=\"container\" data-e-type=\"container\">\n\t\t\t\t<div class=\"elementor-element elementor-element-9ee1e23 elementor-widget elementor-widget-html\" data-id=\"9ee1e23\" data-element_type=\"widget\" data-e-type=\"widget\" data-widget_type=\"html.default\">\n\t\t\t\t<div class=\"elementor-widget-container\">\n\t\t\t\t\t<!-- TradingView Widget BEGIN -->\r\n<div class=\"tradingview-widget-container\" style=\"width: 100%; max-width: 100%; height: auto;\">\r\n  <div class=\"tradingview-widget-container__widget\" style=\"width: 100%; height: 100%;\"><\/div>\r\n\r\n  <script type=\"text\/javascript\" src=\"https:\/\/s3.tradingview.com\/external-embedding\/embed-widget-events.js\" async=\"\">\r\n  {\r\n    \"colorTheme\": \"dark\",\r\n    \"isTransparent\": false,\r\n    \"width\": \"100%\",\r\n    \"height\": \"450\",\r\n    \"locale\": \"en\",\r\n    \"importanceFilter\": \"-1,0,1\",\r\n    \"countryFilter\": \"ar,au,br,ca,cn,fr,de,in,id,it,jp,kr,mx,ru,sa,za,tr,gb,us,eu\"\r\n  }\r\n  <\/script>\r\n<\/div>\r\n<!-- TradingView Widget END -->\r\n\t\t\t\t<\/div>\n\t\t\t\t<\/div>\n\t\t\t\t<\/div>\n\t\t\t\t\t<\/div>\n\t\t\t\t<\/div>\n\t\t<div class=\"elementor-element elementor-element-1f93bde elementor-hidden-desktop elementor-hidden-tablet elementor-hidden-mobile e-flex e-con-boxed e-con e-parent\" data-id=\"1f93bde\" data-element_type=\"container\" data-e-type=\"container\" data-settings=\"{&quot;background_background&quot;:&quot;classic&quot;}\">\n\t\t\t\t\t<div class=\"e-con-inner\">\n\t\t<div class=\"elementor-element elementor-element-1ced757 e-flex e-con-boxed e-con e-child\" data-id=\"1ced757\" data-element_type=\"container\" data-e-type=\"container\">\n\t\t\t\t\t<div class=\"e-con-inner\">\n\t\t\t\t<div class=\"elementor-element elementor-element-314efc6 elementor-widget elementor-widget-tg-heading\" data-id=\"314efc6\" data-element_type=\"widget\" data-e-type=\"widget\" data-widget_type=\"tg-heading.default\">\n\t\t\t\t<div class=\"elementor-widget-container\">\n\t\t\t\t\t\r\n        <div class=\"section-title\">\r\n            <h2 class=\"title\">Advantages of ROCO Economic Calendar\n<\/h2>        <\/div>\r\n\r\n\t\t\t\t<\/div>\n\t\t\t\t<\/div>\n\t\t\t\t\t<\/div>\n\t\t\t\t<\/div>\n\t\t\t\t<div class=\"elementor-element elementor-element-4a6fb2c elementor-widget elementor-widget-tg-iconbox\" data-id=\"4a6fb2c\" data-element_type=\"widget\" data-e-type=\"widget\" data-widget_type=\"tg-iconbox.default\">\n\t\t\t\t<div class=\"elementor-widget-container\">\n\t\t\t\t\t\r\n        <script>\r\n            jQuery(document).ready(function($) {\r\n\r\n                AOS.init();\r\n\r\n            });\r\n        <\/script>\r\n        <div class=\"feature--style2\">\r\n            <div class=\"feature__wrapper\">\r\n                <div class=\"row g-4 align-items-center\">\r\n                                            <div class=\"col-sm-6 col-lg-3\">\r\n                            <div class=\"feature__item\" data-aos=\"fade-up\" data-aos-duration=\"800\">\r\n                                <div class=\"feature__item-inner text-center\">\r\n                                                                            <div class=\"feature__item-thumb\">\r\n                                            <img decoding=\"async\" src=\"https:\/\/rocobroker.com\/wp-content\/uploads\/2025\/03\/Untitled-design-2025-03-26T230646.360.png\" alt=\"Icon\">\r\n                                        <\/div>\r\n                                                                        <div class=\"feature__item-content\">\r\n                                        <h5><\/h5>\r\n                                                                                    <p><b>Make more informed trades<\/b>\n\n<\/p>\r\n                                                                            <\/div>\r\n                                <\/div>\r\n                            <\/div>\r\n                        <\/div>\r\n                                            <div class=\"col-sm-6 col-lg-3\">\r\n                            <div class=\"feature__item\" data-aos=\"fade-up\" data-aos-duration=\"800\">\r\n                                <div class=\"feature__item-inner text-center\">\r\n                                                                            <div class=\"feature__item-thumb\">\r\n                                            <img decoding=\"async\" src=\"https:\/\/rocobroker.com\/wp-content\/uploads\/2025\/03\/Untitled-design-2025-03-26T230157.436.png\" alt=\"Icon\">\r\n                                        <\/div>\r\n                                                                        <div class=\"feature__item-content\">\r\n                                        <h5><\/h5>\r\n                                                                                    <p><b>Enhance your market analysis<\/b>\n\n<\/p>\r\n                                                                            <\/div>\r\n                                <\/div>\r\n                            <\/div>\r\n                        <\/div>\r\n                                            <div class=\"col-sm-6 col-lg-3\">\r\n                            <div class=\"feature__item\" data-aos=\"fade-up\" data-aos-duration=\"800\">\r\n                                <div class=\"feature__item-inner text-center\">\r\n                                                                            <div class=\"feature__item-thumb\">\r\n                                            <img decoding=\"async\" src=\"https:\/\/rocobroker.com\/wp-content\/uploads\/2025\/03\/10.png\" alt=\"Icon\">\r\n                                        <\/div>\r\n                                                                        <div class=\"feature__item-content\">\r\n                                        <h5><\/h5>\r\n                                                                                    <p><b>Risk Management In Trading\n<\/b>\n\n<\/p>\r\n                                                                            <\/div>\r\n                                <\/div>\r\n                            <\/div>\r\n                        <\/div>\r\n                                            <div class=\"col-sm-6 col-lg-3\">\r\n                            <div class=\"feature__item\" data-aos=\"fade-up\" data-aos-duration=\"800\">\r\n                                <div class=\"feature__item-inner text-center\">\r\n                                                                            <div class=\"feature__item-thumb\">\r\n                                            <img decoding=\"async\" src=\"https:\/\/rocobroker.com\/wp-content\/uploads\/2025\/03\/13.png\" alt=\"Icon\">\r\n                                        <\/div>\r\n                                                                        <div class=\"feature__item-content\">\r\n                                        <h5><\/h5>\r\n                                                                                    <p><b>Time your entries and exits\n<\/b>\n\n<\/p>\r\n                                                                            <\/div>\r\n                                <\/div>\r\n                            <\/div>\r\n                        <\/div>\r\n                                    <\/div>\r\n            <\/div>\r\n        <\/div>\r\n\t\t\t\t<\/div>\n\t\t\t\t<\/div>\n\t\t\t\t<div class=\"elementor-element elementor-element-dd45974 elementor-widget elementor-widget-tg-iconbox\" data-id=\"dd45974\" data-element_type=\"widget\" data-e-type=\"widget\" data-widget_type=\"tg-iconbox.default\">\n\t\t\t\t<div class=\"elementor-widget-container\">\n\t\t\t\t\t\r\n        <script>\r\n            jQuery(document).ready(function($) {\r\n\r\n                AOS.init();\r\n\r\n            });\r\n        <\/script>\r\n        <div class=\"feature--style2\">\r\n            <div class=\"feature__wrapper\">\r\n                <div class=\"row g-4 align-items-center\">\r\n                                            <div class=\"col-sm-6 col-lg-3\">\r\n                            <div class=\"feature__item\" data-aos=\"fade-up\" data-aos-duration=\"800\">\r\n                                <div class=\"feature__item-inner text-center\">\r\n                                                                            <div class=\"feature__item-thumb\">\r\n                                            <img decoding=\"async\" src=\"https:\/\/rocobroker.com\/wp-content\/uploads\/2025\/03\/12.png\" alt=\"Icon\">\r\n                                        <\/div>\r\n                                                                        <div class=\"feature__item-content\">\r\n                                        <h5><\/h5>\r\n                                                                                    <p><b>Spot trading opportunities\n<\/b>\n\n<\/p>\r\n                                                                            <\/div>\r\n                                <\/div>\r\n                            <\/div>\r\n                        <\/div>\r\n                                            <div class=\"col-sm-6 col-lg-3\">\r\n                            <div class=\"feature__item\" data-aos=\"fade-up\" data-aos-duration=\"800\">\r\n                                <div class=\"feature__item-inner text-center\">\r\n                                                                            <div class=\"feature__item-thumb\">\r\n                                            <img decoding=\"async\" src=\"https:\/\/rocobroker.com\/wp-content\/uploads\/2025\/03\/11.png\" alt=\"Icon\">\r\n                                        <\/div>\r\n                                                                        <div class=\"feature__item-content\">\r\n                                        <h5><\/h5>\r\n                                                                                    <p><b>Stay ahead market moves\n<\/b>\n<\/p>\r\n                                                                            <\/div>\r\n                                <\/div>\r\n                            <\/div>\r\n                        <\/div>\r\n                                            <div class=\"col-sm-6 col-lg-3\">\r\n                            <div class=\"feature__item\" data-aos=\"fade-up\" data-aos-duration=\"800\">\r\n                                <div class=\"feature__item-inner text-center\">\r\n                                                                            <div class=\"feature__item-thumb\">\r\n                                            <img decoding=\"async\" src=\"https:\/\/rocobroker.com\/wp-content\/uploads\/2025\/03\/5.png\" alt=\"Icon\">\r\n                                        <\/div>\r\n                                                                        <div class=\"feature__item-content\">\r\n                                        <h5><\/h5>\r\n                                                                                    <p><b>Integration with Trading Tools\n<\/b>\n<\/p>\r\n                                                                            <\/div>\r\n                                <\/div>\r\n                            <\/div>\r\n                        <\/div>\r\n                                            <div class=\"col-sm-6 col-lg-3\">\r\n                            <div class=\"feature__item\" data-aos=\"fade-up\" data-aos-duration=\"800\">\r\n                                <div class=\"feature__item-inner text-center\">\r\n                                                                            <div class=\"feature__item-thumb\">\r\n                                            <img decoding=\"async\" src=\"https:\/\/rocobroker.com\/wp-content\/uploads\/2025\/03\/9.png\" alt=\"Icon\">\r\n                                        <\/div>\r\n                                                                        <div class=\"feature__item-content\">\r\n                                        <h5><\/h5>\r\n                                                                                    <p><b>User- Friendly Interface calender\n<\/b>\n\n\n<\/p>\r\n                                                                            <\/div>\r\n                                <\/div>\r\n                            <\/div>\r\n                        <\/div>\r\n                                    <\/div>\r\n            <\/div>\r\n        <\/div>\r\n\t\t\t\t<\/div>\n\t\t\t\t<\/div>\n\t\t\t\t<div class=\"elementor-element elementor-element-61799de elementor-widget__width-auto elementor-absolute upAndDown_animation elementor-widget elementor-widget-image\" data-id=\"61799de\" data-element_type=\"widget\" data-e-type=\"widget\" data-settings=\"{&quot;_position&quot;:&quot;absolute&quot;}\" data-widget_type=\"image.default\">\n\t\t\t\t<div class=\"elementor-widget-container\">\n\t\t\t\t\t\t\t\t\t\t\t\t\t\t\t<img decoding=\"async\" width=\"106\" height=\"106\" src=\"https:\/\/rocobroker.com\/wp-content\/uploads\/2023\/10\/shape01.png\" class=\"attachment-full size-full wp-image-238\" alt=\"\" \/>\t\t\t\t\t\t\t\t\t\t\t\t\t\t\t<\/div>\n\t\t\t\t<\/div>\n\t\t\t\t\t<\/div>\n\t\t\t\t<\/div>\n\t\t\t\t<\/div>\n\t\t","protected":false},"excerpt":{"rendered":"<p>Wirtschaftskalender Maximieren Sie Ihr Handelspotenzial Lassen Sie sich nicht vom Markt \u00fcberrumpeln. Machen Sie den Wirtschaftskalender zu einem regelm\u00e4\u00dfigen Bestandteil Ihrer Handelsroutine und beginnen Sie, Ihre Trades mit Zuversicht zu planen. Wenn Sie wichtige Ereignisse vorhersehen und ihre potenziellen Auswirkungen verstehen, sind Sie besser darauf vorbereitet, Marktchancen zu nutzen und gleichzeitig Risiken effektiv zu managen. [&hellip;]<\/p>\n","protected":false},"author":1,"featured_media":0,"parent":0,"menu_order":0,"comment_status":"closed","ping_status":"closed","template":"elementor_header_footer","meta":{"_acf_changed":false,"footnotes":""},"class_list":["post-9131","page","type-page","status-publish","hentry"],"acf":[],"_links":{"self":[{"href":"https:\/\/rocobroker.com\/de\/wp-json\/wp\/v2\/pages\/9131","targetHints":{"allow":["GET"]}}],"collection":[{"href":"https:\/\/rocobroker.com\/de\/wp-json\/wp\/v2\/pages"}],"about":[{"href":"https:\/\/rocobroker.com\/de\/wp-json\/wp\/v2\/types\/page"}],"author":[{"embeddable":true,"href":"https:\/\/rocobroker.com\/de\/wp-json\/wp\/v2\/users\/1"}],"replies":[{"embeddable":true,"href":"https:\/\/rocobroker.com\/de\/wp-json\/wp\/v2\/comments?post=9131"}],"version-history":[{"count":1,"href":"https:\/\/rocobroker.com\/de\/wp-json\/wp\/v2\/pages\/9131\/revisions"}],"predecessor-version":[{"id":9136,"href":"https:\/\/rocobroker.com\/de\/wp-json\/wp\/v2\/pages\/9131\/revisions\/9136"}],"wp:attachment":[{"href":"https:\/\/rocobroker.com\/de\/wp-json\/wp\/v2\/media?parent=9131"}],"curies":[{"name":"wp","href":"https:\/\/api.w.org\/{rel}","templated":true}]}}